{"id":147,"date":"2024-06-01T23:01:41","date_gmt":"2024-06-01T21:01:41","guid":{"rendered":"https:\/\/aquaforzen.fr\/?page_id=147"},"modified":"2026-03-07T12:33:50","modified_gmt":"2026-03-07T11:33:50","slug":"les-tarifs","status":"publish","type":"page","link":"https:\/\/aquaforzen.fr\/index.php\/les-tarifs\/","title":{"rendered":"Les Tarifs"},"content":{"rendered":"\n<p>Les tarifs sont adaptables en fonction de vos besoins<\/p>\n\n\n\n<p><strong><em>Les Soins du Visage<\/em><\/strong> de <strong>20\u20ac \u00e0 60\u20ac<\/strong> en fonction du soin choisi et de votre type de peau (l&rsquo;esth\u00e9ticienne vous conseille en fonction des besoins de votre peau)<\/p>\n\n\n\n<p><strong><em>Les modelages du corps entier 1h dont le massage aux pierres chaudes<\/em><\/strong> <strong> <\/strong><em><s>60<\/s><\/em>\u20ac <strong>50\u20ac<\/strong> la s\u00e9ance d&rsquo;1 heure<\/p>\n\n\n\n<p><strong><em>La Formule Aqua For Zen<\/em><\/strong> <strong>(Aqua 4 Zen) <\/strong><em><s>60<\/s><\/em>\u20ac <strong>50\u20ac<\/strong> la s\u00e9ance d&rsquo;1 heure<\/p>\n\n\n\n<p><strong><em>AQUABIKE:<\/em><\/strong> <s>15\u20ac<\/s> <strong>13\u20ac<\/strong> la s\u00e9ance de 30 min, et <strong>la 5\u00e8me s\u00e9ance est offerte<\/strong> (si r\u00e9servation des 5 s\u00e9ances) soit <strong>50\u20ac les 5 s\u00e9ances<\/strong> au lieu de 75\u20ac <\/p>\n\n\n\n<p><strong><em>La Formule Aqua Sport Zen<\/em><\/strong>: <s>60\u20ac<\/s> <strong>50\u20ac<\/strong> la s\u00e9ance d&rsquo;1h (30 min de sport aquatique et 30 min de soin au choix), adaptable et modulable si vous souhaitez faire moins ou plus de sport 35\u20ac si 45 min, 60\u20ac pour 1h20, 100\u20ac pour 2h (1h de sport + 1h de soin). Possibilit\u00e9 comme la r\u00e9flexologie plantaire de programmer plusieurs s\u00e9ances d&rsquo;Aqua Sport Zen (r\u00e9glables en plusieurs fois) pour de meilleurs r\u00e9sultats<\/p>\n\n\n\n<p><strong><em>Les Formules Aqua 2 Zen, Aqua Cool Zen, Aqua Slim Zen, Aqua Jaccuz&rsquo; Zen, Aqua Bulles Zen<\/em><\/strong> (avec une boisson gazeuse offerte dans le Spa): <s>60\u20ac<\/s> <strong>50\u20ac <\/strong>la s\u00e9ance d&rsquo;1h r\u00e9partie selon vos besoins entre d\u00e9tente et soins.<\/p>\n\n\n\n<p><strong><em>Les Rituels Peau d&rsquo;Ange<\/em><\/strong>: <s>60\u20ac<\/s> <strong>50\u20ac<\/strong> le soin d&rsquo;1 heure (gommage corps + modelage +enveloppement d&rsquo;un soin corporel)<\/p>\n\n\n\n<p><strong><em>Les Rituels Bien-Etre<\/em><\/strong>: <s>60\u20ac<\/s> <strong>50\u20ac<\/strong> le modelage d&rsquo;1h<\/p>\n\n\n\n<p><strong><em>La R\u00e9flexologie Plantaire<\/em><\/strong> 1 s\u00e9ance 45 min: <s>40\u20ac<\/s> <strong>30\u20ac<\/strong>, possibilit\u00e9 de faire plusieurs s\u00e9ances avec Passeport R\u00e9flexo Zen de 30 min sur 10 s\u00e9ances dont 2 offertes.<\/p>\n\n\n\n<p><strong><em>Le Spa Moment Zen<\/em><\/strong>: Vous souhaitez vous d\u00e9tendre dans le Jacuzzi, dans une eau bien chaude bouillonnant de bulles, alors vous \u00eates au bon endroit ! A partir de <strong>25\u20ac<\/strong> jusqu&rsquo;\u00e0 60\u20ac en fonction du temps et de l&rsquo;option choisie de 20 \u00e0 50 minutes maximum! (Disponible selon saison et en fonction des demandes, sur r\u00e9servation uniquement)<\/p>\n\n\n\n<p><strong><em>L&rsquo;Aqua Carte Zen<\/em><\/strong> : Vous pouvez s\u00e9lectionner le soin de votre choix \u00e0 la carte, le prix \u00e9tant associ\u00e9 au soins choisis et modulable en fonction de vos besoins et du temps souhait\u00e9. A d\u00e9finir avant la r\u00e9servation pour une meilleure pr\u00e9paration de votre venue.<\/p>\n\n\n\n<p>Chez <strong><em>Aqua For Zen<\/em><\/strong>, vous pouvez r\u00e9gler librement en esp\u00e8ces, en ch\u00e8que et m\u00eame en 3 fois sans frais par ch\u00e8que diff\u00e9r\u00e9, alors n&rsquo;h\u00e9sitez plus !<\/p>\n\n\n\n<p><strong><em>Exceptionnelle l&rsquo;Offre D\u00e9couverte<\/em><\/strong>: <strong>50\u20ac le soin d\u00e9couverte Aqua For Zen d&rsquo;1 heure<\/strong> (<em>attention cette offre sera limit\u00e9e dans le temps alors n&rsquo;attendez plus )<\/em><\/p>\n\n\n\n<p><\/p>\n","protected":false},"excerpt":{"rendered":"<p>Les tarifs sont adaptables en fonction de vos besoins Les Soins du Visage de 20\u20ac \u00e0 60\u20ac en fonction du soin choisi et de votre type de peau (l&rsquo;esth\u00e9ticienne vous &hellip; <\/p>\n","protected":false},"author":2,"featured_media":0,"parent":0,"menu_order":0,"comment_status":"closed","ping_status":"closed","template":"","meta":{"footnotes":""},"class_list":["post-147","page","type-page","status-publish","hentry"],"_links":{"self":[{"href":"https:\/\/aquaforzen.fr\/index.php\/wp-json\/wp\/v2\/pages\/147","targetHints":{"allow":["GET"]}}],"collection":[{"href":"https:\/\/aquaforzen.fr\/index.php\/wp-json\/wp\/v2\/pages"}],"about":[{"href":"https:\/\/aquaforzen.fr\/index.php\/wp-json\/wp\/v2\/types\/page"}],"author":[{"embeddable":true,"href":"https:\/\/aquaforzen.fr\/index.php\/wp-json\/wp\/v2\/users\/2"}],"replies":[{"embeddable":true,"href":"https:\/\/aquaforzen.fr\/index.php\/wp-json\/wp\/v2\/comments?post=147"}],"version-history":[{"count":13,"href":"https:\/\/aquaforzen.fr\/index.php\/wp-json\/wp\/v2\/pages\/147\/revisions"}],"predecessor-version":[{"id":383,"href":"https:\/\/aquaforzen.fr\/index.php\/wp-json\/wp\/v2\/pages\/147\/revisions\/383"}],"wp:attachment":[{"href":"https:\/\/aquaforzen.fr\/index.php\/wp-json\/wp\/v2\/media?parent=147"}],"curies":[{"name":"wp","href":"https:\/\/api.w.org\/{rel}","templated":true}]}}