{"id":158,"date":"2024-06-02T09:26:06","date_gmt":"2024-06-02T07:26:06","guid":{"rendered":"https:\/\/aquaforzen.fr\/?page_id=158"},"modified":"2025-01-11T22:01:52","modified_gmt":"2025-01-11T21:01:52","slug":"le-parrainage","status":"publish","type":"page","link":"https:\/\/aquaforzen.fr\/index.php\/le-parrainage\/","title":{"rendered":"Le Parrainage"},"content":{"rendered":"\n<p>Faites d\u00e9couvrir Aqua For Zen \u00e0 un proche et vous b\u00e9n\u00e9ficierez de 10% de r\u00e9duction imm\u00e9diate sur votre prochain soin en devenant son Parrain.<\/p>\n\n\n\n<p>Votre filleul, recommand\u00e9 par vos soins, b\u00e9n\u00e9ficie lui aussi d&rsquo;une r\u00e9duction de 5% d\u00e8s son arriv\u00e9e \u00e0 l&rsquo;institut.<\/p>\n\n\n\n<p>Alors ne tardez plus, faites d\u00e9couvrir Aqua For Zen \u00e0 vos proches !<\/p>\n","protected":false},"excerpt":{"rendered":"<p>Faites d\u00e9couvrir Aqua For Zen \u00e0 un proche et vous b\u00e9n\u00e9ficierez de 10% de r\u00e9duction imm\u00e9diate sur votre prochain soin en devenant son Parrain. Votre filleul, recommand\u00e9 par vos soins, &hellip; <\/p>\n","protected":false},"author":2,"featured_media":0,"parent":0,"menu_order":0,"comment_status":"closed","ping_status":"closed","template":"","meta":{"footnotes":""},"class_list":["post-158","page","type-page","status-publish","hentry"],"_links":{"self":[{"href":"https:\/\/aquaforzen.fr\/index.php\/wp-json\/wp\/v2\/pages\/158","targetHints":{"allow":["GET"]}}],"collection":[{"href":"https:\/\/aquaforzen.fr\/index.php\/wp-json\/wp\/v2\/pages"}],"about":[{"href":"https:\/\/aquaforzen.fr\/index.php\/wp-json\/wp\/v2\/types\/page"}],"author":[{"embeddable":true,"href":"https:\/\/aquaforzen.fr\/index.php\/wp-json\/wp\/v2\/users\/2"}],"replies":[{"embeddable":true,"href":"https:\/\/aquaforzen.fr\/index.php\/wp-json\/wp\/v2\/comments?post=158"}],"version-history":[{"count":4,"href":"https:\/\/aquaforzen.fr\/index.php\/wp-json\/wp\/v2\/pages\/158\/revisions"}],"predecessor-version":[{"id":195,"href":"https:\/\/aquaforzen.fr\/index.php\/wp-json\/wp\/v2\/pages\/158\/revisions\/195"}],"wp:attachment":[{"href":"https:\/\/aquaforzen.fr\/index.php\/wp-json\/wp\/v2\/media?parent=158"}],"curies":[{"name":"wp","href":"https:\/\/api.w.org\/{rel}","templated":true}]}}