{"id":302,"date":"2026-01-17T10:18:06","date_gmt":"2026-01-17T09:18:06","guid":{"rendered":"https:\/\/aquaforzen.fr\/?page_id=302"},"modified":"2026-01-17T16:49:06","modified_gmt":"2026-01-17T15:49:06","slug":"les-soins-du-visage","status":"publish","type":"page","link":"https:\/\/aquaforzen.fr\/index.php\/les-soins-du-visage\/","title":{"rendered":"LES SOINS DU VISAGE"},"content":{"rendered":"\n<p><em><strong>Enveloppez votre peau d&rsquo;un cocon de douceur et de r\u00e9confort imm\u00e9diat gr\u00e2ce \u00e0 un cocktail d&rsquo;actifs issus des meilleurs produits aux principes actifs r\u00e9g\u00e9n\u00e9rants, hydratants, nourrissants et purifiantes pour un large choix d&rsquo;efficacit\u00e9s et de senteurs merveilleuses issues des 4 coins du monde (masque aux sels roses de l&rsquo;Himalaya enrichi en Magn\u00e9sium, Calcium et Potassium, au Curcuma et Vitamines C et E ou masque \u00e0 la boue de la Mer Morte) pour une peau d\u00e9toxifi\u00e9e, saine, \u00e9quilibr\u00e9e et r\u00e9g\u00e9n\u00e9r\u00e9e.<\/strong><\/em><\/p>\n\n\n\n<p><strong><em>SOIN VISAGE HYDRATANT <\/em><\/strong><em><strong>ET NOURRISSANT<\/strong><\/em> (pour obtenir une peau intens\u00e9ment hydrat\u00e9e)<\/p>\n\n\n\n<p> Ce soin utilise un processus unique en plusieurs \u00e9tapes, le nettoyage de peau, une exfoliation en douceur avec un gommage doux, un modelage du visage, la pose d&rsquo;un s\u00e9rum (hydrabio) et d&rsquo;un masque hydratant  intense (pos\u00e9 au pinceau)  riche en om\u00e9ga, en antioxydants, peptides, c\u00e9ramides et acide hyaluronique pour combler la d\u00e9shydratation de la peau (+176% d&rsquo;hydratation imm\u00e9diate gr\u00e2ce \u00e0 la technologie aquag\u00e9nium+ et \u00e0 l&rsquo;acide hyaluronique) et une cr\u00e8me du jour en fin de soin en texture l\u00e9g\u00e8re ultra fraiche (non collant et non gras) pour renforcer la barri\u00e8re protectrice cutan\u00e9e.<\/p>\n\n\n\n<p> Votre peau est intens\u00e9ment et durablement ressourc\u00e9e, douce et r\u00e9g\u00e9n\u00e9r\u00e9e.<\/p>\n\n\n\n<p><strong><em>SOIN DU VISAGE ECLAT<\/em><\/strong> (pour les teints ternes et fatigu\u00e9s) <strong>\u00e0 la Vitamine C ET AU CURCUMA<\/strong> ou le <strong><em>SOIN DU VISAGE PURIFIANT au th\u00e9 vert <\/em><\/strong><\/p>\n\n\n\n<p> Obtenez une peau \u00e9clatante et purifi\u00e9e gr\u00e2ce \u00e0 ce soin stimulant riche en vitamines C et E, en anti-oxydants au Curcuma qui am\u00e9liore la texture et le teint de la peau pour l&rsquo;\u00e9claircir en faire ressortir l&rsquo;\u00e9clat naturel tout en la purifiant gr\u00e2ce aux propri\u00e9t\u00e9s anti acn\u00e9iques du masque qui r\u00e9duit les \u00e9ruptions, l&rsquo;acn\u00e9 et les cicatrices.<\/p>\n\n\n\n<p>Votre peau est apais\u00e9e radieuse et \u00e9clatante.<\/p>\n\n\n\n<p>Pour les peaux \u00e0 imperfections et petits boutons, un masque <strong><em>PURIFIANT<\/em><\/strong> \u00e0 l&rsquo;argile et au th\u00e9 vert sera propos\u00e9 pour purifier la peau. Grace au th\u00e9 vert connu pour ses propri\u00e9t\u00e9s antioxydantes, ce masque d\u00e9toxifiant aide \u00e0 prot\u00e9ger la peau contre les toxines tout en \u00e9liminant l&rsquo;exc\u00e8s de s\u00e9bum et resserrant les pores. Profitez d&rsquo;une peau douce, hydrat\u00e9e et \u00e9quilibr\u00e9e.<\/p>\n\n\n\n<p><strong><em>SOIN ANTI AGE avec pose d&rsquo;un s\u00e9rum et masque enrichi en acide Hyaluronique<\/em><\/strong> <strong><em>et en Bio-Collag\u00e8ne marin<\/em><\/strong><\/p>\n\n\n\n<p>Enveloppez votre peau d&rsquo;un cocon de douceur et de r\u00e9confort imm\u00e9diat gr\u00e2ce \u00e0 un cocktail d&rsquo;actifs r\u00e9g\u00e9n\u00e9rants, hydratants et nourrissants pour booster l&rsquo;hydratation et le comblement des rides \u00e0 base d&rsquo;acide Hyaluronique (qui a la propri\u00e9t\u00e9 de retenir jusqu&rsquo;\u00e0 1000 fois son poids en eau car \u00e0 partir de 50 ans nous perdons la moiti\u00e9 de l&rsquo;acide hyaluronique pr\u00e9sent naturellement sur notre peau) ainsi qu&rsquo;en Bio Collag\u00e8ne, niacinamide et AHA.<\/p>\n\n\n\n<p> Le soin anti-\u00e2ge aide \u00e0 contrer les effets du temps qui passe sur la peau de fa\u00e7on globale et la cr\u00e8me, le masque et les produits anti-rides pos\u00e9s durant ce soin agit de fa\u00e7on cibl\u00e9e sur les rides naissantes et install\u00e9es. La peau est liss\u00e9e, revitalis\u00e9e et repulp\u00e9e. Elle retrouve fermet\u00e9, \u00e9lasticit\u00e9 et confort.<\/p>\n\n\n\n<p>Tous les soins visages sont pratiqu\u00e9s par une Esth\u00e9ticienne Dipl\u00f4m\u00e9 d&rsquo;Etat qui \u00e9tablira un diagnostic de peau avant chaque soin afin de r\u00e9pondre au mieux aux besoins de votre peau.<\/p>\n\n\n\n<p> Les soins visage durent en moyenne 40 minutes (nettoyage, gommage, modelage du visage pour une d\u00e9tente absolue manuelle et \u00e0 la pierre de Jade, la pose d&rsquo;un s\u00e9rum et d&rsquo;un masque au pinceau, et la cr\u00e8me de jour associ\u00e9e au soin demand\u00e9 en fonction du type de peau).<\/p>\n\n\n\n<p><\/p>\n\n\n\n<p><\/p>\n\n\n<div class=\"wp-block-image\">\n<figure class=\"aligncenter size-large is-resized\"><img loading=\"lazy\" decoding=\"async\" width=\"768\" height=\"1024\" src=\"https:\/\/aquaforzen.fr\/wp-content\/uploads\/2026\/01\/IMG_0147-768x1024.jpeg\" alt=\"\" class=\"wp-image-324\" style=\"width:449px;height:auto\" srcset=\"https:\/\/aquaforzen.fr\/wp-content\/uploads\/2026\/01\/IMG_0147-768x1024.jpeg 768w, https:\/\/aquaforzen.fr\/wp-content\/uploads\/2026\/01\/IMG_0147-225x300.jpeg 225w, https:\/\/aquaforzen.fr\/wp-content\/uploads\/2026\/01\/IMG_0147-1152x1536.jpeg 1152w, https:\/\/aquaforzen.fr\/wp-content\/uploads\/2026\/01\/IMG_0147-1536x2048.jpeg 1536w, https:\/\/aquaforzen.fr\/wp-content\/uploads\/2026\/01\/IMG_0147-scaled.jpeg 1920w\" sizes=\"auto, (max-width: 768px) 100vw, 768px\" \/><\/figure>\n<\/div>","protected":false},"excerpt":{"rendered":"<p>Enveloppez votre peau d&rsquo;un cocon de douceur et de r\u00e9confort imm\u00e9diat gr\u00e2ce \u00e0 un cocktail d&rsquo;actifs issus des meilleurs produits aux principes actifs r\u00e9g\u00e9n\u00e9rants, hydratants, nourrissants et purifiantes pour un &hellip; <\/p>\n","protected":false},"author":2,"featured_media":0,"parent":0,"menu_order":0,"comment_status":"closed","ping_status":"closed","template":"","meta":{"footnotes":""},"class_list":["post-302","page","type-page","status-publish","hentry"],"_links":{"self":[{"href":"https:\/\/aquaforzen.fr\/index.php\/wp-json\/wp\/v2\/pages\/302","targetHints":{"allow":["GET"]}}],"collection":[{"href":"https:\/\/aquaforzen.fr\/index.php\/wp-json\/wp\/v2\/pages"}],"about":[{"href":"https:\/\/aquaforzen.fr\/index.php\/wp-json\/wp\/v2\/types\/page"}],"author":[{"embeddable":true,"href":"https:\/\/aquaforzen.fr\/index.php\/wp-json\/wp\/v2\/users\/2"}],"replies":[{"embeddable":true,"href":"https:\/\/aquaforzen.fr\/index.php\/wp-json\/wp\/v2\/comments?post=302"}],"version-history":[{"count":6,"href":"https:\/\/aquaforzen.fr\/index.php\/wp-json\/wp\/v2\/pages\/302\/revisions"}],"predecessor-version":[{"id":345,"href":"https:\/\/aquaforzen.fr\/index.php\/wp-json\/wp\/v2\/pages\/302\/revisions\/345"}],"wp:attachment":[{"href":"https:\/\/aquaforzen.fr\/index.php\/wp-json\/wp\/v2\/media?parent=302"}],"curies":[{"name":"wp","href":"https:\/\/api.w.org\/{rel}","templated":true}]}}