{"id":311,"date":"2026-01-17T12:59:43","date_gmt":"2026-01-17T11:59:43","guid":{"rendered":"https:\/\/aquaforzen.fr\/?page_id=311"},"modified":"2026-01-17T16:46:33","modified_gmt":"2026-01-17T15:46:33","slug":"la-reflexologie-plantaire","status":"publish","type":"page","link":"https:\/\/aquaforzen.fr\/index.php\/la-reflexologie-plantaire\/","title":{"rendered":"La r\u00e9flexologie Plantaire"},"content":{"rendered":"\n<p>La r\u00e9flexologie plantaire est une pratique th\u00e9rapeutique aux multiples vertus, reposant sur le fait que chaque zone du pied renvoie \u00e0 une partie du corps associ\u00e9 \u00e0 sa zone. Le praticien agit en stimulant les zones r\u00e9flexes sp\u00e9cifiques du pieds gr\u00e2ce \u00e0 des pressions douces ou plus appuy\u00e9es.<\/p>\n\n\n\n<p>En exer\u00e7ant cette pression, le praticien influence les organes et syst\u00e8mes corporels associ\u00e9s, aidant ainsi \u00e0 lib\u00e9rer les tensions et \u00e0 r\u00e9tablir l&rsquo;\u00e9quilibre interne.<\/p>\n\n\n\n<p>Il aide \u00e0 stimuler toutes les fonctions du corps et donne ainsi \u00e0 l&rsquo;organisme des bienfaits physiques et psychiques multiples (lib\u00e8re le stress, r\u00e9duit l&rsquo;anxi\u00e9t\u00e9, lutte contre les troubles digestifs, l&rsquo;insomnie, les migraines, am\u00e9liore la circulation sanguine et lymphatique, soulage les douleurs musculaires etc&#8230;<\/p>\n\n\n\n<p>La r\u00e9flexologie plantaire permet donc de maintenir ou de r\u00e9tablir son \u00e9quilibre int\u00e9rieur, pour un moment de d\u00e9tente et de bienfaits pour le corps et l&rsquo;esprit.<\/p>\n\n\n\n<p>Le praticien est Dipl\u00f4m\u00e9 d&rsquo;Etat de R\u00e9flexologie Plantaire.<\/p>\n\n\n<div class=\"wp-block-image\">\n<figure class=\"aligncenter size-large is-resized\"><img loading=\"lazy\" decoding=\"async\" width=\"2560\" height=\"1920\" src=\"https:\/\/aquaforzen.fr\/wp-content\/uploads\/2026\/01\/IMG_0151-edited-1-scaled.jpeg\" alt=\"\" class=\"wp-image-339\" style=\"width:412px;height:auto\" srcset=\"https:\/\/aquaforzen.fr\/wp-content\/uploads\/2026\/01\/IMG_0151-edited-1-scaled.jpeg 2560w, https:\/\/aquaforzen.fr\/wp-content\/uploads\/2026\/01\/IMG_0151-edited-1-300x225.jpeg 300w, https:\/\/aquaforzen.fr\/wp-content\/uploads\/2026\/01\/IMG_0151-edited-1-1024x768.jpeg 1024w, https:\/\/aquaforzen.fr\/wp-content\/uploads\/2026\/01\/IMG_0151-edited-1-768x576.jpeg 768w, https:\/\/aquaforzen.fr\/wp-content\/uploads\/2026\/01\/IMG_0151-edited-1-1536x1152.jpeg 1536w, https:\/\/aquaforzen.fr\/wp-content\/uploads\/2026\/01\/IMG_0151-edited-1-2048x1536.jpeg 2048w, https:\/\/aquaforzen.fr\/wp-content\/uploads\/2026\/01\/IMG_0151-edited-1-640x480.jpeg 640w, https:\/\/aquaforzen.fr\/wp-content\/uploads\/2026\/01\/IMG_0151-edited-1-110x83.jpeg 110w\" sizes=\"auto, (max-width: 2560px) 100vw, 2560px\" \/><\/figure>\n<\/div>","protected":false},"excerpt":{"rendered":"<p>La r\u00e9flexologie plantaire est une pratique th\u00e9rapeutique aux multiples vertus, reposant sur le fait que chaque zone du pied renvoie \u00e0 une partie du corps associ\u00e9 \u00e0 sa zone. Le &hellip; <\/p>\n","protected":false},"author":2,"featured_media":0,"parent":0,"menu_order":0,"comment_status":"closed","ping_status":"closed","template":"","meta":{"footnotes":""},"class_list":["post-311","page","type-page","status-publish","hentry"],"_links":{"self":[{"href":"https:\/\/aquaforzen.fr\/index.php\/wp-json\/wp\/v2\/pages\/311","targetHints":{"allow":["GET"]}}],"collection":[{"href":"https:\/\/aquaforzen.fr\/index.php\/wp-json\/wp\/v2\/pages"}],"about":[{"href":"https:\/\/aquaforzen.fr\/index.php\/wp-json\/wp\/v2\/types\/page"}],"author":[{"embeddable":true,"href":"https:\/\/aquaforzen.fr\/index.php\/wp-json\/wp\/v2\/users\/2"}],"replies":[{"embeddable":true,"href":"https:\/\/aquaforzen.fr\/index.php\/wp-json\/wp\/v2\/comments?post=311"}],"version-history":[{"count":5,"href":"https:\/\/aquaforzen.fr\/index.php\/wp-json\/wp\/v2\/pages\/311\/revisions"}],"predecessor-version":[{"id":342,"href":"https:\/\/aquaforzen.fr\/index.php\/wp-json\/wp\/v2\/pages\/311\/revisions\/342"}],"wp:attachment":[{"href":"https:\/\/aquaforzen.fr\/index.php\/wp-json\/wp\/v2\/media?parent=311"}],"curies":[{"name":"wp","href":"https:\/\/api.w.org\/{rel}","templated":true}]}}