{"id":360,"date":"2026-03-07T11:06:45","date_gmt":"2026-03-07T10:06:45","guid":{"rendered":"https:\/\/aquaforzen.fr\/?page_id=360"},"modified":"2026-03-07T12:03:17","modified_gmt":"2026-03-07T11:03:17","slug":"aquabike","status":"publish","type":"page","link":"https:\/\/aquaforzen.fr\/index.php\/aquabike\/","title":{"rendered":"AQUABIKE"},"content":{"rendered":"\n<p><strong><em>La nouveaut\u00e9 2026 chez Aqua For Zen c&rsquo;est l&rsquo;arriv\u00e9e de l&rsquo;Aquabike<\/em><\/strong><\/p>\n\n\n\n<p>Dans une ambiance dynamique en musique aux rythmes endiabl\u00e9s et guid\u00e9 par votre coach, venez d\u00e9couvrir l&rsquo;Aquabike, le sport tendance qui fait fureur gr\u00e2ce \u00e0 ses r\u00e9sultats in\u00e9gal\u00e9s: l&rsquo;eau agissant comme une r\u00e9sistance naturelle vous br\u00fblerez vos calories, perdrez du poids et sculpterez et renforcerez votre corps sans vous en rendre compte. <\/p>\n\n\n\n<p>30 minutes d&rsquo;Aquabike c&rsquo;est 400 \u00e0 600 calories de perdues soit le double d&rsquo;un v\u00e9lo normal!<\/p>\n\n\n\n<p>Cette discipline aquatique est sans aucun doute le rem\u00e8de le plus efficace qui fait fondre les graisses (ventre, bras et jambes)  id\u00e9al contre la cellulite et la r\u00e9tention d&rsquo;eau favorisant la circulation sanguine et renfor\u00e7ant ainsi les muscles de votre corps et votre cardio en quelques s\u00e9ances!<\/p>\n\n\n\n<p>Convient pour tous les \u00e2ges et adapt\u00e9 \u00e0 tous les niveaux d&rsquo;entrainements, pour se remettre au sport en douceur et sans risque de blessures ou en mode perte de poids intensif pour \u00eatre belle vous sentir bien mieux dans votre corps en maillot de bain pour l&rsquo;\u00e9t\u00e9 ou tout simplement pour am\u00e9liorer votre sant\u00e9 et votre bien-\u00eatre pour renforcer le syst\u00e8me immunitaire et soulager les douleurs du dos.<\/p>\n\n\n\n<p>En bref, l&rsquo;Aquabike c&rsquo;est le sport 100% bien-\u00eatre avec la garantie d&rsquo;un gainage avec une silhouette affin\u00e9e (am\u00e9lioration visible de la cellulite et perte des graisses) et renforc\u00e9e (avec meilleure endurance et de la tonicit\u00e9 cardio-vasculaire) pour un bien-\u00eatre physique et mental.<\/p>\n","protected":false},"excerpt":{"rendered":"<p>La nouveaut\u00e9 2026 chez Aqua For Zen c&rsquo;est l&rsquo;arriv\u00e9e de l&rsquo;Aquabike Dans une ambiance dynamique en musique aux rythmes endiabl\u00e9s et guid\u00e9 par votre coach, venez d\u00e9couvrir l&rsquo;Aquabike, le sport &hellip; <\/p>\n","protected":false},"author":2,"featured_media":0,"parent":0,"menu_order":0,"comment_status":"closed","ping_status":"closed","template":"","meta":{"footnotes":""},"class_list":["post-360","page","type-page","status-publish","hentry"],"_links":{"self":[{"href":"https:\/\/aquaforzen.fr\/index.php\/wp-json\/wp\/v2\/pages\/360","targetHints":{"allow":["GET"]}}],"collection":[{"href":"https:\/\/aquaforzen.fr\/index.php\/wp-json\/wp\/v2\/pages"}],"about":[{"href":"https:\/\/aquaforzen.fr\/index.php\/wp-json\/wp\/v2\/types\/page"}],"author":[{"embeddable":true,"href":"https:\/\/aquaforzen.fr\/index.php\/wp-json\/wp\/v2\/users\/2"}],"replies":[{"embeddable":true,"href":"https:\/\/aquaforzen.fr\/index.php\/wp-json\/wp\/v2\/comments?post=360"}],"version-history":[{"count":4,"href":"https:\/\/aquaforzen.fr\/index.php\/wp-json\/wp\/v2\/pages\/360\/revisions"}],"predecessor-version":[{"id":377,"href":"https:\/\/aquaforzen.fr\/index.php\/wp-json\/wp\/v2\/pages\/360\/revisions\/377"}],"wp:attachment":[{"href":"https:\/\/aquaforzen.fr\/index.php\/wp-json\/wp\/v2\/media?parent=360"}],"curies":[{"name":"wp","href":"https:\/\/api.w.org\/{rel}","templated":true}]}}