{"id":54,"date":"2024-05-09T18:44:16","date_gmt":"2024-05-09T16:44:16","guid":{"rendered":"https:\/\/aquaforzen.fr\/?page_id=54"},"modified":"2025-11-15T13:42:57","modified_gmt":"2025-11-15T12:42:57","slug":"les-cartes-cadeaux","status":"publish","type":"page","link":"https:\/\/aquaforzen.fr\/index.php\/les-cartes-cadeaux\/","title":{"rendered":"Les cartes cadeaux"},"content":{"rendered":"\n<h2 class=\"wp-block-heading\"><strong>Offrez une carte cadeau pour faire plaisir \u00e0 ceux que vous aimez<\/strong> <\/h2>\n\n\n\n<ul class=\"wp-block-list\">\n<li>Toutes les Formules Aqua For Zen et tous les soins propos\u00e9s \u00e0 la carte sont disponibles pour des coffrets cadeaux qui font toujours plaisir \u00e0 partir de 25 \u20ac pour un Coffret Spa Moment Zen ou 1 Soin du Visage Flash<\/li>\n\n\n\n<li>Une dur\u00e9e de validit\u00e9 d&rsquo;1 an \u00e0 compter de la date d&rsquo;achat<\/li>\n\n\n\n<li>Offrez une carte cadeau personnalis\u00e9e et vos b\u00e9n\u00e9ficiaires pourront choisir \u00e0 la carte tout ce qu&rsquo;ils voudront<\/li>\n\n\n\n<li>Alors n&rsquo;h\u00e9sitez plus et faites plaisir \u00e0 coup s\u00fbr sans vous tromper !<\/li>\n<\/ul>\n\n\n\n<figure class=\"wp-block-image size-full\"><img loading=\"lazy\" decoding=\"async\" width=\"1000\" height=\"486\" src=\"https:\/\/aquaforzen.fr\/wp-content\/uploads\/2025\/05\/preview-1.jpg\" alt=\"\" class=\"wp-image-273\" srcset=\"https:\/\/aquaforzen.fr\/wp-content\/uploads\/2025\/05\/preview-1.jpg 1000w, https:\/\/aquaforzen.fr\/wp-content\/uploads\/2025\/05\/preview-1-300x146.jpg 300w, https:\/\/aquaforzen.fr\/wp-content\/uploads\/2025\/05\/preview-1-768x373.jpg 768w\" sizes=\"auto, (max-width: 1000px) 100vw, 1000px\" \/><\/figure>\n\n\n\n<p><strong><em>OFFRE EXCEPTIONNELLE SPECIALE NOEL ET JUSQU&rsquo;A LA SAINT VALENTIN<\/em><\/strong> (14\/02\/2026)<\/p>\n\n\n\n<p><strong>Pour chaque carte cadeau achet\u00e9e avant le 14\/02\/2026, un soin visage vous sera offert !<\/strong><\/p>\n\n\n\n<p>Faites plaisir \u00e0 ceux que vous aimez et recevez vous aussi un cadeau soin du visage pour votre propre plaisir (valable 1 an \u00e0 compter de la date d&rsquo;achat) <\/p>\n\n\n\n<p><strong><em>Alors n&rsquo;attendez plus et faites plaisir \u00e0 ceux que vous aimez et Aqua For Zen prendra soin aussi de vous<\/em><\/strong><\/p>\n\n\n\n<p><\/p>\n","protected":false},"excerpt":{"rendered":"<p>Offrez une carte cadeau pour faire plaisir \u00e0 ceux que vous aimez OFFRE EXCEPTIONNELLE SPECIALE NOEL ET JUSQU&rsquo;A LA SAINT VALENTIN (14\/02\/2026) Pour chaque carte cadeau achet\u00e9e avant le 14\/02\/2026, &hellip; <\/p>\n","protected":false},"author":2,"featured_media":0,"parent":0,"menu_order":0,"comment_status":"closed","ping_status":"closed","template":"","meta":{"footnotes":""},"class_list":["post-54","page","type-page","status-publish","hentry"],"_links":{"self":[{"href":"https:\/\/aquaforzen.fr\/index.php\/wp-json\/wp\/v2\/pages\/54","targetHints":{"allow":["GET"]}}],"collection":[{"href":"https:\/\/aquaforzen.fr\/index.php\/wp-json\/wp\/v2\/pages"}],"about":[{"href":"https:\/\/aquaforzen.fr\/index.php\/wp-json\/wp\/v2\/types\/page"}],"author":[{"embeddable":true,"href":"https:\/\/aquaforzen.fr\/index.php\/wp-json\/wp\/v2\/users\/2"}],"replies":[{"embeddable":true,"href":"https:\/\/aquaforzen.fr\/index.php\/wp-json\/wp\/v2\/comments?post=54"}],"version-history":[{"count":9,"href":"https:\/\/aquaforzen.fr\/index.php\/wp-json\/wp\/v2\/pages\/54\/revisions"}],"predecessor-version":[{"id":298,"href":"https:\/\/aquaforzen.fr\/index.php\/wp-json\/wp\/v2\/pages\/54\/revisions\/298"}],"wp:attachment":[{"href":"https:\/\/aquaforzen.fr\/index.php\/wp-json\/wp\/v2\/media?parent=54"}],"curies":[{"name":"wp","href":"https:\/\/api.w.org\/{rel}","templated":true}]}}