{"id":6,"date":"2024-04-25T22:03:55","date_gmt":"2024-04-25T20:03:55","guid":{"rendered":"https:\/\/aquaforzen.fr\/?page_id=6"},"modified":"2026-01-17T16:59:40","modified_gmt":"2026-01-17T15:59:40","slug":"blog","status":"publish","type":"page","link":"https:\/\/aquaforzen.fr\/index.php\/blog\/","title":{"rendered":"Carte des soins"},"content":{"rendered":"\n<p><strong><em>La r\u00e9flexologie plantaire<\/em><\/strong>: Massage complet du pied et travail sur les zones r\u00e9flexes du corps.<\/p>\n\n\n\n<p><strong><em>Les soins du visage traditionnels complets <\/em><\/strong>adapt\u00e9 au type de peau par l&rsquo;esth\u00e9ticienne DE : nettoyage de peau, gommage, modelage du visage, pose d&rsquo;un masque appliqu\u00e9 au pinceau, en fonction du besoin de votre peau. (Hydratant pour peaux s\u00e8ches, Apaisant pour les peaux sensibles, Nutritif pour les peaux d\u00e9shydrat\u00e9es, Purifiant pour les peaux \u00e0 tendances acn\u00e9iques ou Anti-\u00e2ges pour les peaux matures).<\/p>\n\n\n\n<p><strong><em>Les rituels du corps<\/em><\/strong> : <strong>le modelage Aqua For Zen<\/strong> (issu d&rsquo;un m\u00e9lange des meilleures man\u0153uvres et techniques des modelages californiens, Lomi-lomi, Balinais, Ayurv\u00e9dique, Shiatsu, Abyanga, Energ\u00e9tique, Lymphatique et drainant)<\/p>\n\n\n\n<p><strong><em>Les rituels des \u00eeles pour un d\u00e9paysement garanti<\/em><\/strong>: <strong>Le r\u00eave d&rsquo;Hawai (1H15)<\/strong>: 30 min de mouvements aquatiques suivi d&rsquo;un gommage Noix de Coco et d&rsquo;un modelage corps Lomi-Lomi, Balinais ou Californien \u00e0 l&rsquo;huile de Monoi et Fleurs de Tiar\u00e9 de Tahiti.<\/p>\n\n\n\n<p><strong><em>Les modelages \u00e0 la carte traditionnels<\/em><\/strong> 1h <\/p>\n\n\n\n<p><strong><em>Modelage aux pierres chaudes <\/em><\/strong>1h : On utilise des pierres volcaniques en basalte lisses, plates de taille et de formes diff\u00e9rentes, chauff\u00e9es et plac\u00e9es \u00e0 des points cl\u00e9s \u00e9nerg\u00e9tiques sur le corps. Le massage aux pierres chaudes synchronise le corps et l&rsquo;esprit en appuyant sur les 14 m\u00e9ridiens de l&rsquo;organisme (par lequel transite le chi, le yin et le yang) favorisant ainsi le retour \u00e0 l&rsquo;\u00e9quilibre du corps et \u00e0 une bonne sant\u00e9. <\/p>\n\n\n<div class=\"wp-block-image\">\n<figure class=\"aligncenter size-large is-resized\"><img loading=\"lazy\" decoding=\"async\" width=\"768\" height=\"1024\" src=\"https:\/\/aquaforzen.fr\/wp-content\/uploads\/2026\/01\/IMG_0144-768x1024.jpeg\" alt=\"\" class=\"wp-image-347\" style=\"aspect-ratio:0.7500505152556072;width:266px;height:auto\" srcset=\"https:\/\/aquaforzen.fr\/wp-content\/uploads\/2026\/01\/IMG_0144-768x1024.jpeg 768w, https:\/\/aquaforzen.fr\/wp-content\/uploads\/2026\/01\/IMG_0144-225x300.jpeg 225w, https:\/\/aquaforzen.fr\/wp-content\/uploads\/2026\/01\/IMG_0144-1152x1536.jpeg 1152w, https:\/\/aquaforzen.fr\/wp-content\/uploads\/2026\/01\/IMG_0144-1536x2048.jpeg 1536w, https:\/\/aquaforzen.fr\/wp-content\/uploads\/2026\/01\/IMG_0144-scaled.jpeg 1920w\" sizes=\"auto, (max-width: 768px) 100vw, 768px\" \/><\/figure>\n<\/div>\n\n\n<p><strong><em>Le Rituel Corps Aqua for Zen<\/em><\/strong> : Mouvements aquatiques suivis d&rsquo;un gommage corps entier et d&rsquo;un modelage corps avec un baume unique hydratant et rafraichissant, ainsi que quelques man\u0153uvres de r\u00e9flexologie plantaire pour aider \u00e0 un r\u00e9\u00e9quilibrage physique et \u00e9motionnel.<\/p>\n\n\n\n<p><strong><em>Les soins esth\u00e9tiques sur demande<\/em><\/strong> ( beaut\u00e9 des mains et des pieds, ongles, maquillage et \u00e9pilations)<\/p>\n\n\n\n<p><strong><em>Les rituels Peau d&rsquo;Ange: Les diff\u00e9rents gommages corps<\/em><\/strong> <strong><em>pour une exp\u00e9rience unique selon vos gouts<\/em><\/strong>: Gommage gourmand au Pamplemousse, soins exfoliants au Riz Indon\u00e9sien, au Sable Noir de Tahiti, aux Sels de la mer Morte, ou au Sucre Roux ou \u00e0 la Noix de Coco. Ce soin est suivi d&rsquo;une pose d&rsquo;enveloppement sur la peau d&rsquo;un soin hydratant d\u00e9livr\u00e9 tout en douceur au pinceau pour un maximum de bien-\u00eatre.<\/p>\n\n\n\n<p><strong><em>Les soins amincissants<\/em><\/strong> : La cure anti cellulite qui allie le sport intensif en piscine et en musique ainsi que le palp\u00e9 roul\u00e9, le robot professionnel qui casse les mol\u00e9cules adipeuses et lisse la peau (jambes, bras et ventre) et un gel cr\u00e8me minceur amincissant en fin de soin.<\/p>\n\n\n\n<p><strong><em>Le sport en piscine<\/em><\/strong> \u00e0 la carte : Aquagym en musique sur un rythme entrainant et endiabl\u00e9 pour l&rsquo;\u00e9limination des calories (le temps pass\u00e9 dans l&rsquo;eau est \u00e0 d\u00e9finir en fonction de vos capacit\u00e9s physiques et de vos besoins) et un maximum de pep&rsquo;s pour un r\u00e9sultat optimal! Plus vous bougerez, plus les calories seront \u00e9limin\u00e9es et les soins efficaces! Et dans l&rsquo;eau, vous \u00eates port\u00e9s donc fini les douleurs articulaires lombaires, \u00e9liminez les calories sans vous faire mal!<\/p>\n\n\n\n<p><strong><em>Le Spa moment Zen <\/em><\/strong><em>en Jacuzzi<\/em> : pour profiter pleinement d&rsquo;une d\u00e9tente en eau chaude apr\u00e8s le sport ou juste pour se d\u00e9tendre (disponible selon la saison et sur r\u00e9servation uniquement)<\/p>\n\n\n\n<figure class=\"wp-block-image is-resized\"><img loading=\"lazy\" decoding=\"async\" width=\"996\" height=\"662\" src=\"https:\/\/aquaforzen.fr\/wp-content\/uploads\/2024\/05\/masseur-faisant-massage-epaule-feminine-dans-salon-beaute_186202-4233.jpg\" alt=\"\" class=\"wp-image-104\" style=\"aspect-ratio:1.5045337512593753;width:552px;height:auto\" srcset=\"https:\/\/aquaforzen.fr\/wp-content\/uploads\/2024\/05\/masseur-faisant-massage-epaule-feminine-dans-salon-beaute_186202-4233.jpg 996w, https:\/\/aquaforzen.fr\/wp-content\/uploads\/2024\/05\/masseur-faisant-massage-epaule-feminine-dans-salon-beaute_186202-4233-300x199.jpg 300w, https:\/\/aquaforzen.fr\/wp-content\/uploads\/2024\/05\/masseur-faisant-massage-epaule-feminine-dans-salon-beaute_186202-4233-768x510.jpg 768w, https:\/\/aquaforzen.fr\/wp-content\/uploads\/2024\/05\/masseur-faisant-massage-epaule-feminine-dans-salon-beaute_186202-4233-90x60.jpg 90w, https:\/\/aquaforzen.fr\/wp-content\/uploads\/2024\/05\/masseur-faisant-massage-epaule-feminine-dans-salon-beaute_186202-4233-370x247.jpg 370w, https:\/\/aquaforzen.fr\/wp-content\/uploads\/2024\/05\/masseur-faisant-massage-epaule-feminine-dans-salon-beaute_186202-4233-776x517.jpg 776w\" sizes=\"auto, (max-width: 996px) 100vw, 996px\" \/><\/figure>\n\n\n","protected":false},"excerpt":{"rendered":"<p>La r\u00e9flexologie plantaire: Massage complet du pied et travail sur les zones r\u00e9flexes du corps. Les soins du visage traditionnels complets adapt\u00e9 au type de peau par l&rsquo;esth\u00e9ticienne DE : &hellip; <\/p>\n","protected":false},"author":1,"featured_media":0,"parent":0,"menu_order":0,"comment_status":"closed","ping_status":"closed","template":"","meta":{"footnotes":""},"class_list":["post-6","page","type-page","status-publish","hentry"],"_links":{"self":[{"href":"https:\/\/aquaforzen.fr\/index.php\/wp-json\/wp\/v2\/pages\/6","targetHints":{"allow":["GET"]}}],"collection":[{"href":"https:\/\/aquaforzen.fr\/index.php\/wp-json\/wp\/v2\/pages"}],"about":[{"href":"https:\/\/aquaforzen.fr\/index.php\/wp-json\/wp\/v2\/types\/page"}],"author":[{"embeddable":true,"href":"https:\/\/aquaforzen.fr\/index.php\/wp-json\/wp\/v2\/users\/1"}],"replies":[{"embeddable":true,"href":"https:\/\/aquaforzen.fr\/index.php\/wp-json\/wp\/v2\/comments?post=6"}],"version-history":[{"count":18,"href":"https:\/\/aquaforzen.fr\/index.php\/wp-json\/wp\/v2\/pages\/6\/revisions"}],"predecessor-version":[{"id":350,"href":"https:\/\/aquaforzen.fr\/index.php\/wp-json\/wp\/v2\/pages\/6\/revisions\/350"}],"wp:attachment":[{"href":"https:\/\/aquaforzen.fr\/index.php\/wp-json\/wp\/v2\/media?parent=6"}],"curies":[{"name":"wp","href":"https:\/\/api.w.org\/{rel}","templated":true}]}}